{"id":25,"date":"2016-12-12T10:34:04","date_gmt":"2016-12-12T10:34:04","guid":{"rendered":"http:\/\/cabinas.e-clickse.com\/?page_id=25"},"modified":"2025-11-16T20:37:23","modified_gmt":"2025-11-16T19:37:23","slug":"contacto","status":"publish","type":"page","link":"https:\/\/www.fenoltec.com\/index.php\/contacto\/","title":{"rendered":"Contacto"},"content":{"rendered":"<h1><\/h1>\n<h2><img loading=\"lazy\" class=\"aligncenter wp-image-2321\" src=\"https:\/\/www.fenoltec.com\/wp-content\/uploads\/2021\/12\/Fenoltec-equipamiento-y-fenolico-300x279.jpg\" alt=\"Anagrama y servicios ofrecidos por Fenoltec S.L. Fenoltec es una marca registrada.\" width=\"137\" height=\"127\" srcset=\"https:\/\/www.fenoltec.com\/wp-content\/uploads\/2021\/12\/Fenoltec-equipamiento-y-fenolico-300x279.jpg 300w, https:\/\/www.fenoltec.com\/wp-content\/uploads\/2021\/12\/Fenoltec-equipamiento-y-fenolico.jpg 373w\" sizes=\"(max-width: 137px) 100vw, 137px\" \/><\/h2>\n<h2 style=\"text-align: center;\"><span style=\"color: #235b72;\">CONTACTO<\/span><\/h2>\n<h4><em>Los campos para el contacto marcados con (<span style=\"color: #0000ff;\">*)<\/span> son obligatorios.<\/em><\/h4>\n<div role=\"form\" class=\"wpcf7\" id=\"wpcf7-f172-o1\" lang=\"es-ES\" dir=\"ltr\">\n<div class=\"screen-reader-response\"><p role=\"status\" aria-live=\"polite\" aria-atomic=\"true\"><\/p> <ul><\/ul><\/div>\n<form action=\"\/index.php\/wp-json\/wp\/v2\/pages\/25#wpcf7-f172-o1\" method=\"post\" class=\"wpcf7-form init\" enctype=\"multipart\/form-data\" novalidate=\"novalidate\" data-status=\"init\">\n<div style=\"display: none;\">\n<input type=\"hidden\" name=\"_wpcf7\" value=\"172\" \/>\n<input type=\"hidden\" name=\"_wpcf7_version\" value=\"5.4.2\" \/>\n<input type=\"hidden\" name=\"_wpcf7_locale\" value=\"es_ES\" \/>\n<input type=\"hidden\" name=\"_wpcf7_unit_tag\" value=\"wpcf7-f172-o1\" \/>\n<input type=\"hidden\" name=\"_wpcf7_container_post\" value=\"0\" \/>\n<input type=\"hidden\" name=\"_wpcf7_posted_data_hash\" value=\"\" \/>\n<\/div>\n<p>Nombre *<br \/>\n    <span class=\"wpcf7-form-control-wrap your-name\"><input type=\"text\" name=\"your-name\" value=\"\" size=\"40\" class=\"wpcf7-form-control wpcf7-text wpcf7-validates-as-required\" aria-required=\"true\" aria-invalid=\"false\" \/><\/span> <\/p>\n<p>Localidad (entrega, c\u00e1lculo de portes)<br \/>\n    <span class=\"wpcf7-form-control-wrap localidad\"><input type=\"text\" name=\"localidad\" value=\"\" size=\"40\" class=\"wpcf7-form-control wpcf7-text\" aria-invalid=\"false\" \/><\/span> <\/p>\n<p>Correo electr\u00f3nico *<br \/>\n    <span class=\"wpcf7-form-control-wrap your-email\"><input type=\"email\" name=\"your-email\" value=\"\" size=\"40\" class=\"wpcf7-form-control wpcf7-text wpcf7-email wpcf7-validates-as-required wpcf7-validates-as-email\" aria-required=\"true\" aria-invalid=\"false\" \/><\/span> <\/p>\n<p>Tel\u00e9fono<br \/>\n    <span class=\"wpcf7-form-control-wrap tel-461\"><input type=\"tel\" name=\"tel-461\" value=\"\" size=\"40\" class=\"wpcf7-form-control wpcf7-text wpcf7-tel wpcf7-validates-as-tel\" aria-invalid=\"false\" \/><\/span><\/p>\n<p>Mensaje<br \/>\n    <span class=\"wpcf7-form-control-wrap your-message\"><textarea name=\"your-message\" cols=\"40\" rows=\"10\" class=\"wpcf7-form-control wpcf7-textarea\" aria-invalid=\"false\"><\/textarea><\/span> <\/p>\n<p>Adjuntar documento (plano, croquis, dibujo, etc.) <\/p>\n<p><span class=\"wpcf7-form-control-wrap your-file\"><input type=\"file\" name=\"your-file\" size=\"40\" class=\"wpcf7-form-control wpcf7-file bar\" id=\"foo\" accept=\".jpg,.pdf,.doc,.docx\" aria-invalid=\"false\" \/><\/span><\/p>\n<p><span class=\"wpcf7-form-control-wrap acceptance-261\"><span class=\"wpcf7-form-control wpcf7-acceptance\"><span class=\"wpcf7-list-item\"><input type=\"checkbox\" name=\"acceptance-261\" value=\"1\" aria-invalid=\"false\" \/><\/span><\/span><\/span> He le\u00eddo y acepto la <a href=\"https:\/\/www.fenoltec.com\/index.php\/politica-de-privacidad\/\"> pol\u00edtica de privacidad <\/a> de la web<\/p>\n<p><input type=\"submit\" value=\"Enviar formulario\" class=\"wpcf7-form-control wpcf7-submit\" \/><\/p>\n<p> Protecci\u00f3n de datos personales<br \/>\nUtilizaremos sus datos para responder consultas y realizar an\u00e1lisis estad\u00edsticos. Para m\u00e1s informaci\u00f3n sobre el tratamiento y sus derechos, consulte la <a href=\"https:\/\/www.fenoltec.com\/index.php\/politica-de-privacidad\/\">pol\u00edtica de privacidad<\/a><br \/>\n<\/a><\/p>\n<div class=\"wpcf7-response-output\" aria-hidden=\"true\"><\/div><\/form><\/div>\n<hr \/>\n<p>&nbsp;<\/p>\n<h2 style=\"text-align: center;\"><span style=\"color: #235b72;\">Para presupuesto de cabinas \/ encimeras \/ separadores de duchas.<\/span><\/h2>\n<p style=\"text-align: left;\"><span style=\"color: #000000;\">Para completar el env\u00edo de informaci\u00f3n a trav\u00e9s del contacto lo m\u00e1s importante -al presupuestar las cabinas fen\u00f3licas- son las <strong>MEDIDAS<\/strong> de los tableros de fen\u00f3lico.<\/span><br \/>\n<span style=\"color: #000000;\">Por ello deber\u00e1 hacernos llegar o adjuntar un archivo con un plano o croquis sencillo donde se reflejen estas MEDIDAS, la situaci\u00f3n de las paredes de obra y la distribuci\u00f3n que tiene pensada hacer. M\u00e1s abajo tiene un ejemplo de c\u00f3mo trazarlo. Le recordamos que no nos interesa lo bien o mal que pueda trazarlo, sino que la distribuci\u00f3n y las medidas sean reales y correctas y as\u00ed nos lleguen a trav\u00e9s del contacto.<br \/>\n<\/span><\/p>\n<p style=\"text-align: center;\"><span style=\"color: #000000;\">Si tiene alg\u00fan problema o duda para hacerlo, p\u00f3ngase en contacto con nosotros y le ayudaremos.<\/span><\/p>\n<p style=\"text-align: center;\"><span style=\"color: #000000;\">Tel. 699-940-944 Guillermo<\/span><\/p>\n<p>&nbsp;<\/p>\n<div id=\"attachment_690\" style=\"width: 468px\" class=\"wp-caption aligncenter\"><img aria-describedby=\"caption-attachment-690\" loading=\"lazy\" class=\"wp-image-690\" title=\"Medidas de las cabinas fabricadas en fen\u00f3lico\" src=\"https:\/\/www.fenoltec.com\/wp-content\/uploads\/2016\/12\/Medidas-para-las-cabinas-300x231.jpg\" alt=\"Medidas de las cabinas fen\u00f3licas, para contacto.\" width=\"458\" height=\"353\" srcset=\"https:\/\/www.fenoltec.com\/wp-content\/uploads\/2016\/12\/Medidas-para-las-cabinas-300x231.jpg 300w, https:\/\/www.fenoltec.com\/wp-content\/uploads\/2016\/12\/Medidas-para-las-cabinas.jpg 387w\" sizes=\"(max-width: 458px) 100vw, 458px\" \/><p id=\"caption-attachment-690\" class=\"wp-caption-text\">Medidas necesarias para presupuestar las cabinas<\/p><\/div>\n<p style=\"text-align: center;\"><span style=\"color: #3f8c9e;\">Son necesarias las medidas para hacer un presupuesto; sin ellas no podemos hacerlo.<\/span><br \/>\n<span style=\"color: #3f8c9e;\">\u00a0Env\u00edenos por favor un plano o un croquis sencillo con las dimensiones.<\/span><\/p>\n<p style=\"text-align: center;\">Se entregan montados de f\u00e1brica, en toda Espa\u00f1a, incluido Islas, Ceuta y Melilla y Andorra.<\/p>\n<hr \/>\n<p><span style=\"color: #3f8c9e;\">\u00a0<\/span><\/p>\n<div id=\"attachment_183\" style=\"width: 903px\" class=\"wp-caption aligncenter\"><img aria-describedby=\"caption-attachment-183\" loading=\"lazy\" class=\"wp-image-183 size-full\" title=\"Medidas de las cabinas y de las encimeras\" src=\"https:\/\/www.fenoltec.com\/wp-content\/uploads\/2016\/12\/grafico-presupuestos-2.jpg\" alt=\"Croquis sencillo a mano de cabinas con las medidas -y de las encimeras-. Para contacto.\" width=\"893\" height=\"309\" srcset=\"https:\/\/www.fenoltec.com\/wp-content\/uploads\/2016\/12\/grafico-presupuestos-2.jpg 893w, https:\/\/www.fenoltec.com\/wp-content\/uploads\/2016\/12\/grafico-presupuestos-2-300x104.jpg 300w, https:\/\/www.fenoltec.com\/wp-content\/uploads\/2016\/12\/grafico-presupuestos-2-768x266.jpg 768w\" sizes=\"(max-width: 893px) 100vw, 893px\" \/><p id=\"caption-attachment-183\" class=\"wp-caption-text\">Medidas necesarias para presupuestar cabinas y encimeras de fen\u00f3lico.<\/p><\/div>\n<p style=\"text-align: center;\"><span style=\"color: #3f8c9e;\"><a class=\"maxbutton-1 maxbutton maxbutton-ir-a-cabinas-separadores-y-encimeras\" target=\"_blank\" rel=\"noopener\" href=\"http:\/\/www.fenoltec.com\/index.php\/cabinas-fenolicas\/\"><span class='mb-text'>Cabinas y Separadores<\/span><\/a> <\/span><\/p>\n<p style=\"text-align: center;\"><a class=\"maxbutton-5 maxbutton maxbutton-ir-a-encimeras\" target=\"_blank\" rel=\"noopener\" href=\"http:\/\/www.fenoltec.com\/index.php\/encimeras\/\"><span class='mb-text'>Ir a Encimeras<\/span><\/a><\/p>\n<hr \/>\n<div id=\"attachment_2160\" style=\"width: 408px\" class=\"wp-caption aligncenter\"><img aria-describedby=\"caption-attachment-2160\" loading=\"lazy\" class=\"wp-image-2160\" src=\"https:\/\/www.fenoltec.com\/wp-content\/uploads\/2021\/04\/Separador-tapavistas-duchas-mixto-300x290.jpg\" alt=\"\" width=\"398\" height=\"385\" srcset=\"https:\/\/www.fenoltec.com\/wp-content\/uploads\/2021\/04\/Separador-tapavistas-duchas-mixto-300x290.jpg 300w, https:\/\/www.fenoltec.com\/wp-content\/uploads\/2021\/04\/Separador-tapavistas-duchas-mixto.jpg 733w\" sizes=\"(max-width: 398px) 100vw, 398px\" \/><p id=\"caption-attachment-2160\" class=\"wp-caption-text\">Indicar la longitud deseada desde la pared del fondo.<\/p><\/div>\n<p style=\"text-align: center;\"><a class=\"maxbutton-1 maxbutton maxbutton-ir-a-cabinas-separadores-y-encimeras\" target=\"_blank\" rel=\"noopener\" href=\"http:\/\/www.fenoltec.com\/index.php\/cabinas-fenolicas\/\"><span class='mb-text'>Cabinas y Separadores<\/span><\/a><\/p>\n<hr \/>\n<h2 style=\"text-align: center;\"><span style=\"color: #235b72;\">Para solicitar presupuesto de taquillas y bancos.<\/span><\/h2>\n<div id=\"attachment_185\" style=\"width: 143px\" class=\"wp-caption alignleft\"><img aria-describedby=\"caption-attachment-185\" loading=\"lazy\" class=\"wp-image-185\" title=\"Taquillas fen\u00f3lico contacto.\" src=\"https:\/\/cabinas.e-clickse.com\/wp-content\/uploads\/2016\/12\/taquilla6p-azul-160x300.jpg\" alt=\"Taquillas fen\u00f3lico para contacto.\" width=\"133\" height=\"249\" srcset=\"https:\/\/www.fenoltec.com\/wp-content\/uploads\/2016\/12\/taquilla6p-azul-160x300.jpg 160w, https:\/\/www.fenoltec.com\/wp-content\/uploads\/2016\/12\/taquilla6p-azul.jpg 284w\" sizes=\"(max-width: 133px) 100vw, 133px\" \/><p id=\"caption-attachment-185\" class=\"wp-caption-text\">Taquillas de fen\u00f3lico.<\/p><\/div>\n<p><span style=\"color: #000000;\">Contacto para solicitar presupuesto de taquillas o bancos indique por favor la referencia del producto y las unidades que necesita. El n\u00famero total de puertas que usted necesite suele ser el dato clave para valorar exactamente el presupuesto. El m\u00f3dulo de taquillas de la imagen, por poner un ejemplo, tiene esta referencia: <span style=\"color: #0000ff;\"><strong>ref\u00aa TFEN-2 x 3 &#8211; 30 (<\/strong><a href=\"http:\/\/www.fenoltec.com\/index.php\/taquillas-fenolicas\/\">ver Taquillas<\/a><strong>)<\/strong><\/span>. Que significa, \u00abTaquillas Fen\u00f3lico &#8211; 2 puertas por 3 columnas &#8211; de 30 cm. de ancho de puerta\u00bb (total 6 puertas).<\/span><\/p>\n<p>Los bancos tambi\u00e9n tienen su referencia. Puedes verlas en el men\u00fa de productos en fen\u00f3lico, apartado \u00ab<a href=\"https:\/\/www.fenoltec.com\/index.php\/bancos-de-fenolico\/\">Bancos<\/a>\u00ab. Por ejemplo, el modelo de la imagen es un banco simple de 1 metro de largo y su referencia es <span style=\"color: #0000ff;\"><strong>ref\u00aa BANCO-1-1000-FS.<\/strong><\/span><\/p>\n<p><span style=\"color: #000000;\">No olvide indicar la localidad de entrega. Este presupuesto se hace incluyendo el precio del porte hasta la direcci\u00f3n indicada en la localidad de entrega.<\/span><\/p>\n<p>Se entrega en toda Espa\u00f1a, incluido Islas, Ceuta y Melilla y Andorra.<\/p>\n<p><span style=\"color: #000000;\">Puede contactar por tel\u00e9fono si lo prefiere, 699 940 944 Guillermo<\/span><\/p>\n<p>&nbsp;<\/p>\n<p style=\"text-align: center;\"><span style=\"color: #3f8c9e;\"><a class=\"maxbutton-3 maxbutton maxbutton-ir-a-taquillas\" target=\"_blank\" rel=\"noopener\" href=\"http:\/\/www.fenoltec.com\/index.php\/taquillas-fenolicas\/\"><span class='mb-text'>Ir a Taquillas<\/span><\/a> <\/span><\/p>\n<div id=\"attachment_188\" style=\"width: 910px\" class=\"wp-caption aligncenter\"><img aria-describedby=\"caption-attachment-188\" loading=\"lazy\" class=\"wp-image-188 size-full\" title=\"Bancos simples de fen\u00f3lico y el contacto-\" src=\"https:\/\/www.fenoltec.com\/wp-content\/uploads\/2016\/12\/grafico-bancos-001-1.jpg\" alt=\"Bancos simples de fen\u00f3lico. Contacto.\" width=\"900\" height=\"197\" srcset=\"https:\/\/www.fenoltec.com\/wp-content\/uploads\/2016\/12\/grafico-bancos-001-1.jpg 900w, https:\/\/www.fenoltec.com\/wp-content\/uploads\/2016\/12\/grafico-bancos-001-1-300x66.jpg 300w, https:\/\/www.fenoltec.com\/wp-content\/uploads\/2016\/12\/grafico-bancos-001-1-768x168.jpg 768w\" sizes=\"(max-width: 900px) 100vw, 900px\" \/><p id=\"caption-attachment-188\" class=\"wp-caption-text\">Bancos simples de fen\u00f3lico, de 1 metro de largo.<\/p><\/div>\n<p style=\"text-align: center;\"><span style=\"color: #3f8c9e;\"><a class=\"maxbutton-4 maxbutton maxbutton-ir-a-bancos\" target=\"_blank\" rel=\"noopener\" href=\"http:\/\/www.fenoltec.com\/index.php\/bancos\/\"><span class='mb-text'>Ir a Bancos<\/span><\/a> <\/span><\/p>\n<hr \/>\n<h2 style=\"text-align: center;\"><span style=\"color: #003300;\">Para solicitar un presupuesto de puertas t\u00e9cnicas de paso.<\/span><\/h2>\n<p>Para solicitar un presupuesto de puertas t\u00e9cnicas de paso, con hoja de fen\u00f3lico y marco de aluminio se necesitan l\u00f3gicamente <strong>las medidas<\/strong>. En principio ser\u00e1 suficiente las medidas de largo y alto de la puerta. Si disponemos de otras cotas como <strong>espesor<\/strong> del tabique, <strong>luz de obra<\/strong> (hueco real disponible) y <strong>sentido de apertura<\/strong> lo indicaremos, sino posteriormente a la hora de completar los datos para fabricar s\u00ed ser\u00e1n necesarios. En el caso de las puertas correderas indicar si ya se conoce la referencia o el modelo de casoneto interior.<\/p>\n<p><img loading=\"lazy\" class=\"aligncenter size-medium wp-image-2780\" src=\"https:\/\/www.fenoltec.com\/wp-content\/uploads\/2025\/06\/Puertas-SOLECO-SIMPLES-Y-DOBLES-300x218.png\" alt=\"\" width=\"300\" height=\"218\" srcset=\"https:\/\/www.fenoltec.com\/wp-content\/uploads\/2025\/06\/Puertas-SOLECO-SIMPLES-Y-DOBLES-300x218.png 300w, https:\/\/www.fenoltec.com\/wp-content\/uploads\/2025\/06\/Puertas-SOLECO-SIMPLES-Y-DOBLES-768x557.png 768w, https:\/\/www.fenoltec.com\/wp-content\/uploads\/2025\/06\/Puertas-SOLECO-SIMPLES-Y-DOBLES.png 969w\" sizes=\"(max-width: 300px) 100vw, 300px\" \/><\/p>\n<p>Finalmente a\u00f1adiremos los herrajes opcionales como: cerradura, condena, manilla, manilla con placa cuadrada, retenedores, vidrieras si las hubiera, etc.<\/p>\n<p><img loading=\"lazy\" class=\"aligncenter wp-image-2875\" src=\"https:\/\/www.fenoltec.com\/wp-content\/uploads\/2025\/11\/Cotas-necesarias-puertas-batientes-300x167.png\" alt=\"\" width=\"559\" height=\"311\" srcset=\"https:\/\/www.fenoltec.com\/wp-content\/uploads\/2025\/11\/Cotas-necesarias-puertas-batientes-300x167.png 300w, https:\/\/www.fenoltec.com\/wp-content\/uploads\/2025\/11\/Cotas-necesarias-puertas-batientes-1024x569.png 1024w, https:\/\/www.fenoltec.com\/wp-content\/uploads\/2025\/11\/Cotas-necesarias-puertas-batientes-768x427.png 768w, https:\/\/www.fenoltec.com\/wp-content\/uploads\/2025\/11\/Cotas-necesarias-puertas-batientes.png 1078w\" sizes=\"(max-width: 559px) 100vw, 559px\" \/><\/p>\n<p><img loading=\"lazy\" class=\"aligncenter wp-image-2876\" src=\"https:\/\/www.fenoltec.com\/wp-content\/uploads\/2025\/11\/Cotas-necesarias-puertas-corredera-300x165.png\" alt=\"\" width=\"556\" height=\"306\" srcset=\"https:\/\/www.fenoltec.com\/wp-content\/uploads\/2025\/11\/Cotas-necesarias-puertas-corredera-300x165.png 300w, https:\/\/www.fenoltec.com\/wp-content\/uploads\/2025\/11\/Cotas-necesarias-puertas-corredera-1024x564.png 1024w, https:\/\/www.fenoltec.com\/wp-content\/uploads\/2025\/11\/Cotas-necesarias-puertas-corredera-768x423.png 768w, https:\/\/www.fenoltec.com\/wp-content\/uploads\/2025\/11\/Cotas-necesarias-puertas-corredera.png 1204w\" sizes=\"(max-width: 556px) 100vw, 556px\" \/><\/p>\n<p style=\"text-align: center;\"><a class=\"maxbutton-13 maxbutton maxbutton-ir-a-puertas-tecnicas-de-paso\" target=\"_blank\" rel=\"noopener\" href=\"https:\/\/www.fenoltec.com\/index.php\/puertas-de-paso-tecnicas-en-fenolico-con-marcos-de-aluminio-herrajes-inoxidables\/\"><span class='mb-text'>Puertas t\u00e9cnicas de paso<\/span><\/a><\/p>\n<hr \/>\n<h4><em>Los campos para el contacto marcados con (*) son obligatorios.<\/em><\/h4>\n<div role=\"form\" class=\"wpcf7\" id=\"wpcf7-f172-o2\" lang=\"es-ES\" dir=\"ltr\">\n<div class=\"screen-reader-response\"><p role=\"status\" aria-live=\"polite\" aria-atomic=\"true\"><\/p> <ul><\/ul><\/div>\n<form action=\"\/index.php\/wp-json\/wp\/v2\/pages\/25#wpcf7-f172-o2\" method=\"post\" class=\"wpcf7-form init\" enctype=\"multipart\/form-data\" novalidate=\"novalidate\" data-status=\"init\">\n<div style=\"display: none;\">\n<input type=\"hidden\" name=\"_wpcf7\" value=\"172\" \/>\n<input type=\"hidden\" name=\"_wpcf7_version\" value=\"5.4.2\" \/>\n<input type=\"hidden\" name=\"_wpcf7_locale\" value=\"es_ES\" \/>\n<input type=\"hidden\" name=\"_wpcf7_unit_tag\" value=\"wpcf7-f172-o2\" \/>\n<input type=\"hidden\" name=\"_wpcf7_container_post\" value=\"0\" \/>\n<input type=\"hidden\" name=\"_wpcf7_posted_data_hash\" value=\"\" \/>\n<\/div>\n<p>Nombre *<br \/>\n    <span class=\"wpcf7-form-control-wrap your-name\"><input type=\"text\" name=\"your-name\" value=\"\" size=\"40\" class=\"wpcf7-form-control wpcf7-text wpcf7-validates-as-required\" aria-required=\"true\" aria-invalid=\"false\" \/><\/span> <\/p>\n<p>Localidad (entrega, c\u00e1lculo de portes)<br \/>\n    <span class=\"wpcf7-form-control-wrap localidad\"><input type=\"text\" name=\"localidad\" value=\"\" size=\"40\" class=\"wpcf7-form-control wpcf7-text\" aria-invalid=\"false\" \/><\/span> <\/p>\n<p>Correo electr\u00f3nico *<br \/>\n    <span class=\"wpcf7-form-control-wrap your-email\"><input type=\"email\" name=\"your-email\" value=\"\" size=\"40\" class=\"wpcf7-form-control wpcf7-text wpcf7-email wpcf7-validates-as-required wpcf7-validates-as-email\" aria-required=\"true\" aria-invalid=\"false\" \/><\/span> <\/p>\n<p>Tel\u00e9fono<br \/>\n    <span class=\"wpcf7-form-control-wrap tel-461\"><input type=\"tel\" name=\"tel-461\" value=\"\" size=\"40\" class=\"wpcf7-form-control wpcf7-text wpcf7-tel wpcf7-validates-as-tel\" aria-invalid=\"false\" \/><\/span><\/p>\n<p>Mensaje<br \/>\n    <span class=\"wpcf7-form-control-wrap your-message\"><textarea name=\"your-message\" cols=\"40\" rows=\"10\" class=\"wpcf7-form-control wpcf7-textarea\" aria-invalid=\"false\"><\/textarea><\/span> <\/p>\n<p>Adjuntar documento (plano, croquis, dibujo, etc.) <\/p>\n<p><span class=\"wpcf7-form-control-wrap your-file\"><input type=\"file\" name=\"your-file\" size=\"40\" class=\"wpcf7-form-control wpcf7-file bar\" id=\"foo\" accept=\".jpg,.pdf,.doc,.docx\" aria-invalid=\"false\" \/><\/span><\/p>\n<p><span class=\"wpcf7-form-control-wrap acceptance-261\"><span class=\"wpcf7-form-control wpcf7-acceptance\"><span class=\"wpcf7-list-item\"><input type=\"checkbox\" name=\"acceptance-261\" value=\"1\" aria-invalid=\"false\" \/><\/span><\/span><\/span> He le\u00eddo y acepto la <a href=\"https:\/\/www.fenoltec.com\/index.php\/politica-de-privacidad\/\"> pol\u00edtica de privacidad <\/a> de la web<\/p>\n<p><input type=\"submit\" value=\"Enviar formulario\" class=\"wpcf7-form-control wpcf7-submit\" \/><\/p>\n<p> Protecci\u00f3n de datos personales<br \/>\nUtilizaremos sus datos para responder consultas y realizar an\u00e1lisis estad\u00edsticos. Para m\u00e1s informaci\u00f3n sobre el tratamiento y sus derechos, consulte la <a href=\"https:\/\/www.fenoltec.com\/index.php\/politica-de-privacidad\/\">pol\u00edtica de privacidad<\/a><br \/>\n<\/a><\/p>\n<div class=\"wpcf7-response-output\" aria-hidden=\"true\"><\/div><\/form><\/div>\n<hr \/>\n<p style=\"text-align: center;\"><a class=\"maxbutton-12 maxbutton maxbutton-inicio\" target=\"_blank\" rel=\"noopener\" href=\"http:\/\/www.fenoltec.com\/index.php\/\"><span class='mb-text'>Ir al inicio<\/span><\/a><\/p>\n<p><img loading=\"lazy\" class=\"aligncenter wp-image-2321\" src=\"https:\/\/www.fenoltec.com\/wp-content\/uploads\/2021\/12\/Fenoltec-equipamiento-y-fenolico-300x279.jpg\" alt=\"Anagrama y servicios ofrecidos por Fenoltec S.L. Fenoltec es una marca registrada.\" width=\"194\" height=\"180\" srcset=\"https:\/\/www.fenoltec.com\/wp-content\/uploads\/2021\/12\/Fenoltec-equipamiento-y-fenolico-300x279.jpg 300w, https:\/\/www.fenoltec.com\/wp-content\/uploads\/2021\/12\/Fenoltec-equipamiento-y-fenolico.jpg 373w\" sizes=\"(max-width: 194px) 100vw, 194px\" \/><\/p>\n<p>&nbsp;<\/p>\n","protected":false},"excerpt":{"rendered":"<p>CONTACTO Los campos para el contacto marcados con (*) son obligatorios. &nbsp; Para presupuesto de cabinas \/ encimeras \/ separadores de duchas. Para completar el env\u00edo de informaci\u00f3n a trav\u00e9s del contacto lo m\u00e1s importante -al presupuestar las cabinas fen\u00f3licas- son las MEDIDAS de los tableros de fen\u00f3lico. Por ello deber\u00e1 hacernos llegar o adjuntar&#8230; <\/p>\n<div class=\"clear\"><\/div>\n<p><a href=\"https:\/\/www.fenoltec.com\/index.php\/contacto\/\" class=\"gdlr-button with-border excerpt-read-more\">M\u00e1s Informaci\u00f3n<\/a><\/p>\n","protected":false},"author":5,"featured_media":0,"parent":0,"menu_order":0,"comment_status":"closed","ping_status":"closed","template":"","meta":[],"_links":{"self":[{"href":"https:\/\/www.fenoltec.com\/index.php\/wp-json\/wp\/v2\/pages\/25"}],"collection":[{"href":"https:\/\/www.fenoltec.com\/index.php\/wp-json\/wp\/v2\/pages"}],"about":[{"href":"https:\/\/www.fenoltec.com\/index.php\/wp-json\/wp\/v2\/types\/page"}],"author":[{"embeddable":true,"href":"https:\/\/www.fenoltec.com\/index.php\/wp-json\/wp\/v2\/users\/5"}],"replies":[{"embeddable":true,"href":"https:\/\/www.fenoltec.com\/index.php\/wp-json\/wp\/v2\/comments?post=25"}],"version-history":[{"count":49,"href":"https:\/\/www.fenoltec.com\/index.php\/wp-json\/wp\/v2\/pages\/25\/revisions"}],"predecessor-version":[{"id":2886,"href":"https:\/\/www.fenoltec.com\/index.php\/wp-json\/wp\/v2\/pages\/25\/revisions\/2886"}],"wp:attachment":[{"href":"https:\/\/www.fenoltec.com\/index.php\/wp-json\/wp\/v2\/media?parent=25"}],"curies":[{"name":"wp","href":"https:\/\/api.w.org\/{rel}","templated":true}]}}